{"id":197,"date":"2023-09-16T09:33:55","date_gmt":"2023-09-16T09:33:55","guid":{"rendered":"https:\/\/detacars.fr\/en\/?page_id=197"},"modified":"2023-10-09T15:33:38","modified_gmt":"2023-10-09T15:33:38","slug":"about-us","status":"publish","type":"page","link":"https:\/\/detacars.fr\/en\/about-us\/","title":{"rendered":"About Us"},"content":{"rendered":"<div data-elementor-type=\"wp-page\" data-elementor-id=\"197\" class=\"elementor elementor-197\">\n\t\t\t\t\t\t\t\t\t<section class=\"elementor-section elementor-top-section elementor-element elementor-element-67f55a6 elementor-section-content-middle elementor-section-full_width elementor-section-height-default elementor-section-height-default\" data-id=\"67f55a6\" data-element_type=\"section\" data-settings=\"{&quot;background_background&quot;:&quot;classic&quot;}\">\n\t\t\t\t\t\t\t<div class=\"elementor-background-overlay\"><\/div>\n\t\t\t\t\t\t\t<div class=\"elementor-container elementor-column-gap-extended\">\n\t\t\t\t\t<div class=\"elementor-column elementor-col-100 elementor-top-column elementor-element elementor-element-393a66d\" data-id=\"393a66d\" data-element_type=\"column\" data-settings=\"{&quot;background_background&quot;:&quot;classic&quot;}\">\n\t\t\t<div class=\"elementor-widget-wrap elementor-element-populated\">\n\t\t\t\t\t\t\t\t<section class=\"elementor-section elementor-inner-section elementor-element elementor-element-c0885a9 elementor-section-content-middle elementor-section-boxed elementor-section-height-default elementor-section-height-default\" data-id=\"c0885a9\" data-element_type=\"section\">\n\t\t\t\t\t\t<div class=\"elementor-container elementor-column-gap-default\">\n\t\t\t\t\t<div class=\"elementor-column elementor-col-100 elementor-inner-column elementor-element elementor-element-199c541\" data-id=\"199c541\" data-element_type=\"column\">\n\t\t\t<div class=\"elementor-widget-wrap elementor-element-populated\">\n\t\t\t\t\t\t\t\t<div class=\"elementor-element elementor-element-ed07660 elementor-widget elementor-widget-heading\" data-id=\"ed07660\" data-element_type=\"widget\" data-widget_type=\"heading.default\">\n\t\t\t\t<div class=\"elementor-widget-container\">\n\t\t\t<style>\/*! elementor - v3.16.0 - 14-09-2023 *\/\n.elementor-heading-title{padding:0;margin:0;line-height:1}.elementor-widget-heading .elementor-heading-title[class*=elementor-size-]>a{color:inherit;font-size:inherit;line-height:inherit}.elementor-widget-heading .elementor-heading-title.elementor-size-small{font-size:15px}.elementor-widget-heading .elementor-heading-title.elementor-size-medium{font-size:19px}.elementor-widget-heading .elementor-heading-title.elementor-size-large{font-size:29px}.elementor-widget-heading .elementor-heading-title.elementor-size-xl{font-size:39px}.elementor-widget-heading .elementor-heading-title.elementor-size-xxl{font-size:59px}<\/style><h2 class=\"elementor-heading-title elementor-size-default\">About Us<\/h2>\t\t<\/div>\n\t\t\t\t<\/div>\n\t\t\t\t<div class=\"elementor-element elementor-element-534bea7 elementor-widget elementor-widget-heading\" data-id=\"534bea7\" data-element_type=\"widget\" data-widget_type=\"heading.default\">\n\t\t\t\t<div class=\"elementor-widget-container\">\n\t\t\t<h2 class=\"elementor-heading-title elementor-size-default\">Excellence for Your Vehicle.<\/h2>\t\t<\/div>\n\t\t\t\t<\/div>\n\t\t\t\t<div class=\"elementor-element elementor-element-0b278c9 elementor-widget-divider--view-line elementor-widget elementor-widget-divider\" data-id=\"0b278c9\" data-element_type=\"widget\" data-widget_type=\"divider.default\">\n\t\t\t\t<div class=\"elementor-widget-container\">\n\t\t\t<style>\/*! elementor - v3.16.0 - 14-09-2023 *\/\n.elementor-widget-divider{--divider-border-style:none;--divider-border-width:1px;--divider-color:#0c0d0e;--divider-icon-size:20px;--divider-element-spacing:10px;--divider-pattern-height:24px;--divider-pattern-size:20px;--divider-pattern-url:none;--divider-pattern-repeat:repeat-x}.elementor-widget-divider .elementor-divider{display:flex}.elementor-widget-divider .elementor-divider__text{font-size:15px;line-height:1;max-width:95%}.elementor-widget-divider .elementor-divider__element{margin:0 var(--divider-element-spacing);flex-shrink:0}.elementor-widget-divider .elementor-icon{font-size:var(--divider-icon-size)}.elementor-widget-divider .elementor-divider-separator{display:flex;margin:0;direction:ltr}.elementor-widget-divider--view-line_icon .elementor-divider-separator,.elementor-widget-divider--view-line_text .elementor-divider-separator{align-items:center}.elementor-widget-divider--view-line_icon .elementor-divider-separator:after,.elementor-widget-divider--view-line_icon .elementor-divider-separator:before,.elementor-widget-divider--view-line_text .elementor-divider-separator:after,.elementor-widget-divider--view-line_text .elementor-divider-separator:before{display:block;content:\"\";border-bottom:0;flex-grow:1;border-top:var(--divider-border-width) var(--divider-border-style) var(--divider-color)}.elementor-widget-divider--element-align-left .elementor-divider .elementor-divider-separator>.elementor-divider__svg:first-of-type{flex-grow:0;flex-shrink:100}.elementor-widget-divider--element-align-left .elementor-divider-separator:before{content:none}.elementor-widget-divider--element-align-left .elementor-divider__element{margin-left:0}.elementor-widget-divider--element-align-right .elementor-divider .elementor-divider-separator>.elementor-divider__svg:last-of-type{flex-grow:0;flex-shrink:100}.elementor-widget-divider--element-align-right .elementor-divider-separator:after{content:none}.elementor-widget-divider--element-align-right .elementor-divider__element{margin-right:0}.elementor-widget-divider:not(.elementor-widget-divider--view-line_text):not(.elementor-widget-divider--view-line_icon) .elementor-divider-separator{border-top:var(--divider-border-width) var(--divider-border-style) var(--divider-color)}.elementor-widget-divider--separator-type-pattern{--divider-border-style:none}.elementor-widget-divider--separator-type-pattern.elementor-widget-divider--view-line .elementor-divider-separator,.elementor-widget-divider--separator-type-pattern:not(.elementor-widget-divider--view-line) .elementor-divider-separator:after,.elementor-widget-divider--separator-type-pattern:not(.elementor-widget-divider--view-line) .elementor-divider-separator:before,.elementor-widget-divider--separator-type-pattern:not([class*=elementor-widget-divider--view]) .elementor-divider-separator{width:100%;min-height:var(--divider-pattern-height);-webkit-mask-size:var(--divider-pattern-size) 100%;mask-size:var(--divider-pattern-size) 100%;-webkit-mask-repeat:var(--divider-pattern-repeat);mask-repeat:var(--divider-pattern-repeat);background-color:var(--divider-color);-webkit-mask-image:var(--divider-pattern-url);mask-image:var(--divider-pattern-url)}.elementor-widget-divider--no-spacing{--divider-pattern-size:auto}.elementor-widget-divider--bg-round{--divider-pattern-repeat:round}.rtl .elementor-widget-divider .elementor-divider__text{direction:rtl}.e-con-inner>.elementor-widget-divider,.e-con>.elementor-widget-divider{width:var(--container-widget-width,100%);--flex-grow:var(--container-widget-flex-grow)}<\/style>\t\t<div class=\"elementor-divider\">\n\t\t\t<span class=\"elementor-divider-separator\">\n\t\t\t\t\t\t<\/span>\n\t\t<\/div>\n\t\t\t\t<\/div>\n\t\t\t\t<\/div>\n\t\t\t\t\t<\/div>\n\t\t<\/div>\n\t\t\t\t\t\t\t<\/div>\n\t\t<\/section>\n\t\t\t\t<section class=\"elementor-section elementor-inner-section elementor-element elementor-element-e2c131f elementor-section-boxed elementor-section-height-default elementor-section-height-default\" data-id=\"e2c131f\" data-element_type=\"section\">\n\t\t\t\t\t\t<div class=\"elementor-container elementor-column-gap-default\">\n\t\t\t\t\t<div class=\"elementor-column elementor-col-50 elementor-inner-column elementor-element elementor-element-1aae08e\" data-id=\"1aae08e\" data-element_type=\"column\">\n\t\t\t<div class=\"elementor-widget-wrap elementor-element-populated\">\n\t\t\t\t\t\t\t\t<div class=\"elementor-element elementor-element-8a4a5a8 elementor-widget elementor-widget-text-editor\" data-id=\"8a4a5a8\" data-element_type=\"widget\" data-widget_type=\"text-editor.default\">\n\t\t\t\t<div class=\"elementor-widget-container\">\n\t\t\t<style>\/*! elementor - v3.16.0 - 14-09-2023 *\/\n.elementor-widget-text-editor.elementor-drop-cap-view-stacked .elementor-drop-cap{background-color:#69727d;color:#fff}.elementor-widget-text-editor.elementor-drop-cap-view-framed .elementor-drop-cap{color:#69727d;border:3px solid;background-color:transparent}.elementor-widget-text-editor:not(.elementor-drop-cap-view-default) .elementor-drop-cap{margin-top:8px}.elementor-widget-text-editor:not(.elementor-drop-cap-view-default) .elementor-drop-cap-letter{width:1em;height:1em}.elementor-widget-text-editor .elementor-drop-cap{float:left;text-align:center;line-height:1;font-size:50px}.elementor-widget-text-editor .elementor-drop-cap-letter{display:inline-block}<\/style>\t\t\t\t<p>Born from a passion for automobiles and a desire to redefine vehicle maintenance, DetaCars is more than just a car beauty center. It is the embodiment of a vision that puts the owner and their vehicle at the heart of our concerns.<br \/>From our inception, we recognized that every vehicle, whether it's utilitarian, family-oriented, sporty, or luxurious, deserves special attention. Every client has their standards, and it's with this in mind that we've endeavored to provide tailored services, catering to the specific needs of each owner.<\/p>\t\t\t\t\t\t<\/div>\n\t\t\t\t<\/div>\n\t\t\t\t\t<\/div>\n\t\t<\/div>\n\t\t\t\t<div class=\"elementor-column elementor-col-50 elementor-inner-column elementor-element elementor-element-c1d3bbf\" data-id=\"c1d3bbf\" data-element_type=\"column\">\n\t\t\t<div class=\"elementor-widget-wrap elementor-element-populated\">\n\t\t\t\t\t\t\t\t<div class=\"elementor-element elementor-element-f913f68 elementor-widget elementor-widget-image\" data-id=\"f913f68\" data-element_type=\"widget\" data-widget_type=\"image.default\">\n\t\t\t\t<div class=\"elementor-widget-container\">\n\t\t\t<style>\/*! elementor - v3.16.0 - 14-09-2023 *\/\n.elementor-widget-image{text-align:center}.elementor-widget-image a{display:inline-block}.elementor-widget-image a img[src$=\".svg\"]{width:48px}.elementor-widget-image img{vertical-align:middle;display:inline-block}<\/style>\t\t\t\t\t\t\t\t\t\t\t\t<img loading=\"lazy\" decoding=\"async\" width=\"580\" height=\"400\" src=\"https:\/\/detacars.fr\/wp-content\/uploads\/2023\/10\/car-care-about-us.png\" class=\"attachment-full size-full wp-image-1522\" alt=\"\" srcset=\"https:\/\/detacars.fr\/wp-content\/uploads\/2023\/10\/car-care-about-us.png 580w, https:\/\/detacars.fr\/wp-content\/uploads\/2023\/10\/car-care-about-us-300x207.png 300w, https:\/\/detacars.fr\/wp-content\/uploads\/2023\/10\/car-care-about-us-18x12.png 18w\" sizes=\"auto, (max-width: 580px) 100vw, 580px\" \/>\t\t\t\t\t\t\t\t\t\t\t\t\t\t\t<\/div>\n\t\t\t\t<\/div>\n\t\t\t\t\t<\/div>\n\t\t<\/div>\n\t\t\t\t\t\t\t<\/div>\n\t\t<\/section>\n\t\t\t\t<div class=\"elementor-element elementor-element-5e96a0a elementor-widget elementor-widget-text-editor\" data-id=\"5e96a0a\" data-element_type=\"widget\" data-widget_type=\"text-editor.default\">\n\t\t\t\t<div class=\"elementor-widget-container\">\n\t\t\t\t\t\t\t<p>Situated on the French Riviera, DetaCars quickly established itself as the benchmark for car aesthetics in the region. Our services extend beyond just a simple wash. We think big; we aim for excellence. Whether it's high-end ceramic protection, express home washing, or a complete restoration, each service is executed with meticulousness and passion.<\/p><p>We've also partnered with the best brands in the industry, such as Koch Chemie, Chemical Guys, Sonax, Gtechniq, CarPro, and Gyeon, to ensure our clients long-lasting results and impeccable quality.<\/p><p>However, our real strength lies in our team. Seasoned professionals, trained in the latest techniques, and always in pursuit of perfection. Every member of DetaCars shares a common passion for vehicles and an unwavering commitment to our clients.<\/p><p>By choosing DetaCars, you're not just opting for a service. You're joining a community of enthusiasts who, like you, will not compromise on quality and excellence.<\/p><p>DetaCars - more than just a service, it's an experience.<\/p>\t\t\t\t\t\t<\/div>\n\t\t\t\t<\/div>\n\t\t\t\t\t<\/div>\n\t\t<\/div>\n\t\t\t\t\t\t\t<\/div>\n\t\t<\/section>\n\t\t\t\t\t\t\t<\/div>","protected":false},"excerpt":{"rendered":"<p>Who are we ? Excellence in the service of your vehicle. Born from a passion for automobiles and a desire to redefine vehicle maintenance, DetaCars is more than just an auto detailing center. It is the embodiment of a vision that places the owner and his vehicle at the heart of our concerns. Since our beginnings, we have understood that each vehicle, [\u2026]<\/p>","protected":false},"author":1,"featured_media":0,"parent":0,"menu_order":0,"comment_status":"closed","ping_status":"closed","template":"elementor_canvas","meta":{"footnotes":""},"class_list":["post-197","page","type-page","status-publish","hentry"],"yoast_head":"<!-- This site is optimized with the Yoast SEO Premium plugin v21.3 (Yoast SEO v21.3) - https:\/\/yoast.com\/wordpress\/plugins\/seo\/ -->\n<title>About Us - Deta Cars<\/title>\n<meta name=\"robots\" content=\"index, follow, max-snippet:-1, max-image-preview:large, max-video-preview:-1\" \/>\n<link rel=\"canonical\" href=\"https:\/\/detacars.fr\/en\/about-us\/\" \/>\n<meta property=\"og:locale\" content=\"en_US\" \/>\n<meta property=\"og:type\" content=\"article\" \/>\n<meta property=\"og:title\" content=\"About Us\" \/>\n<meta property=\"og:description\" content=\"Qui sommes-nous ? L&rsquo;excellence au service de votre v\u00e9hicule. N\u00e9e d&rsquo;une passion pour les automobiles et d&rsquo;un d\u00e9sir de red\u00e9finir l&rsquo;entretien de v\u00e9hicules, DetaCars est plus qu&rsquo;un simple centre d&rsquo;esth\u00e9tique automobile. C&rsquo;est l&rsquo;incarnation d&rsquo;une vision qui place le propri\u00e9taire et son v\u00e9hicule au c\u0153ur de nos pr\u00e9occupations.Depuis nos d\u00e9buts, nous avons compris que chaque v\u00e9hicule, [&hellip;]\" \/>\n<meta property=\"og:url\" content=\"https:\/\/detacars.fr\/en\/about-us\/\" \/>\n<meta property=\"og:site_name\" content=\"Deta Cars\" \/>\n<meta property=\"article:publisher\" content=\"https:\/\/www.facebook.com\/detacarsnice\" \/>\n<meta property=\"article:modified_time\" content=\"2023-10-09T15:33:38+00:00\" \/>\n<meta property=\"og:image\" content=\"https:\/\/detacars.fr\/wp-content\/uploads\/2023\/10\/car-care-about-us.png\" \/>\n<meta name=\"twitter:card\" content=\"summary_large_image\" \/>\n<meta name=\"twitter:label1\" content=\"Est. reading time\" \/>\n\t<meta name=\"twitter:data1\" content=\"2 minutes\" \/>\n<script type=\"application\/ld+json\" class=\"yoast-schema-graph\">{\"@context\":\"https:\/\/schema.org\",\"@graph\":[{\"@type\":\"WebPage\",\"@id\":\"https:\/\/detacars.fr\/about-us\/\",\"url\":\"https:\/\/detacars.fr\/about-us\/\",\"name\":\"About Us - Deta Cars\",\"isPartOf\":{\"@id\":\"https:\/\/detacars.fr\/#website\"},\"datePublished\":\"2023-09-16T09:33:55+00:00\",\"dateModified\":\"2023-10-09T15:33:38+00:00\",\"breadcrumb\":{\"@id\":\"https:\/\/detacars.fr\/about-us\/#breadcrumb\"},\"inLanguage\":\"en-US\",\"potentialAction\":[{\"@type\":\"ReadAction\",\"target\":[\"https:\/\/detacars.fr\/about-us\/\"]}]},{\"@type\":\"BreadcrumbList\",\"@id\":\"https:\/\/detacars.fr\/about-us\/#breadcrumb\",\"itemListElement\":[{\"@type\":\"ListItem\",\"position\":1,\"name\":\"\u0413\u043b\u0430\u0432\u043d\u0430\u044f \u0441\u0442\u0440\u0430\u043d\u0438\u0446\u0430\",\"item\":\"https:\/\/detacars.fr\/\"},{\"@type\":\"ListItem\",\"position\":2,\"name\":\"About Us\"}]},{\"@type\":\"WebSite\",\"@id\":\"https:\/\/detacars.fr\/#website\",\"url\":\"https:\/\/detacars.fr\/\",\"name\":\"Deta Cars\",\"description\":\"\",\"publisher\":{\"@id\":\"https:\/\/detacars.fr\/#organization\"},\"potentialAction\":[{\"@type\":\"SearchAction\",\"target\":{\"@type\":\"EntryPoint\",\"urlTemplate\":\"https:\/\/detacars.fr\/?s={search_term_string}\"},\"query-input\":\"required name=search_term_string\"}],\"inLanguage\":\"en-US\"},{\"@type\":[\"Organization\",\"Place\",\"AutoWash\"],\"@id\":\"https:\/\/detacars.fr\/#organization\",\"name\":\"Deta Cars\",\"alternateName\":\"DetaCars\",\"url\":\"https:\/\/detacars.fr\/\",\"logo\":{\"@id\":\"https:\/\/detacars.fr\/about-us\/#local-main-organization-logo\"},\"image\":{\"@id\":\"https:\/\/detacars.fr\/about-us\/#local-main-organization-logo\"},\"sameAs\":[\"https:\/\/www.facebook.com\/detacarsnice\",\"https:\/\/www.instagram.com\/Deta_cars\/\"],\"ownershipFundingInfo\":\"https:\/\/detacars.fr\/privacy\/\",\"address\":{\"@id\":\"https:\/\/detacars.fr\/about-us\/#local-main-place-address\"},\"geo\":{\"@type\":\"GeoCoordinates\",\"latitude\":\"43.6803742\",\"longitude\":\"7.2307641\"},\"telephone\":[\"0977523782\",\"0781818133\"],\"openingHoursSpecification\":[{\"@type\":\"OpeningHoursSpecification\",\"dayOfWeek\":[\"Monday\"],\"opens\":\"00:00\",\"closes\":\"00:00\"},{\"@type\":\"OpeningHoursSpecification\",\"dayOfWeek\":[\"Tuesday\",\"Wednesday\",\"Thursday\",\"Friday\",\"Saturday\"],\"opens\":\"10:00\",\"closes\":\"19:00\"},{\"@type\":\"OpeningHoursSpecification\",\"dayOfWeek\":[\"Sunday\"],\"opens\":\"12:00\",\"closes\":\"19:00\"}],\"email\":\"contact@detacars.fr\",\"vatID\":\"FR\",\"taxID\":\"FR15948131933\",\"priceRange\":\"$$$\",\"currenciesAccepted\":\"Euro\",\"paymentAccepted\":\"Esp\u00e8ces, Carte bancaire\"},{\"@type\":\"PostalAddress\",\"@id\":\"https:\/\/detacars.fr\/about-us\/#local-main-place-address\",\"streetAddress\":\"287 Promenade des Anglais\",\"addressLocality\":\"Nice\",\"postalCode\":\"06200\",\"addressCountry\":\"FR\"},{\"@type\":\"ImageObject\",\"inLanguage\":\"en-US\",\"@id\":\"https:\/\/detacars.fr\/about-us\/#local-main-organization-logo\",\"url\":\"https:\/\/detacars.fr\/wp-content\/uploads\/2023\/10\/detacars.png\",\"contentUrl\":\"https:\/\/detacars.fr\/wp-content\/uploads\/2023\/10\/detacars.png\",\"width\":1433,\"height\":1289,\"caption\":\"Deta Cars\"}]}<\/script>\n<meta name=\"geo.placename\" content=\"Nice\" \/>\n<meta name=\"geo.position\" content=\"43.6803742;7.2307641\" \/>\n<meta name=\"geo.region\" content=\"France\" \/>\n<!-- \/ Yoast SEO Premium plugin. -->","yoast_head_json":{"title":"About Us - Deta Cars","robots":{"index":"index","follow":"follow","max-snippet":"max-snippet:-1","max-image-preview":"max-image-preview:large","max-video-preview":"max-video-preview:-1"},"canonical":"https:\/\/detacars.fr\/en\/about-us\/","og_locale":"en_US","og_type":"article","og_title":"About Us","og_description":"Qui sommes-nous ? L&rsquo;excellence au service de votre v\u00e9hicule. N\u00e9e d&rsquo;une passion pour les automobiles et d&rsquo;un d\u00e9sir de red\u00e9finir l&rsquo;entretien de v\u00e9hicules, DetaCars est plus qu&rsquo;un simple centre d&rsquo;esth\u00e9tique automobile. C&rsquo;est l&rsquo;incarnation d&rsquo;une vision qui place le propri\u00e9taire et son v\u00e9hicule au c\u0153ur de nos pr\u00e9occupations.Depuis nos d\u00e9buts, nous avons compris que chaque v\u00e9hicule, [&hellip;]","og_url":"https:\/\/detacars.fr\/en\/about-us\/","og_site_name":"Deta Cars","article_publisher":"https:\/\/www.facebook.com\/detacarsnice","article_modified_time":"2023-10-09T15:33:38+00:00","og_image":[{"url":"https:\/\/detacars.fr\/wp-content\/uploads\/2023\/10\/car-care-about-us.png"}],"twitter_card":"summary_large_image","twitter_misc":{"Est. reading time":"2 minutes"},"schema":{"@context":"https:\/\/schema.org","@graph":[{"@type":"WebPage","@id":"https:\/\/detacars.fr\/about-us\/","url":"https:\/\/detacars.fr\/about-us\/","name":"About Us - Deta Cars","isPartOf":{"@id":"https:\/\/detacars.fr\/#website"},"datePublished":"2023-09-16T09:33:55+00:00","dateModified":"2023-10-09T15:33:38+00:00","breadcrumb":{"@id":"https:\/\/detacars.fr\/about-us\/#breadcrumb"},"inLanguage":"en-US","potentialAction":[{"@type":"ReadAction","target":["https:\/\/detacars.fr\/about-us\/"]}]},{"@type":"BreadcrumbList","@id":"https:\/\/detacars.fr\/about-us\/#breadcrumb","itemListElement":[{"@type":"ListItem","position":1,"name":"\u0413\u043b\u0430\u0432\u043d\u0430\u044f \u0441\u0442\u0440\u0430\u043d\u0438\u0446\u0430","item":"https:\/\/detacars.fr\/"},{"@type":"ListItem","position":2,"name":"About Us"}]},{"@type":"WebSite","@id":"https:\/\/detacars.fr\/#website","url":"https:\/\/detacars.fr\/","name":"Deta Cars","description":"","publisher":{"@id":"https:\/\/detacars.fr\/#organization"},"potentialAction":[{"@type":"SearchAction","target":{"@type":"EntryPoint","urlTemplate":"https:\/\/detacars.fr\/?s={search_term_string}"},"query-input":"required name=search_term_string"}],"inLanguage":"en-US"},{"@type":["Organization","Place","AutoWash"],"@id":"https:\/\/detacars.fr\/#organization","name":"Deta Cars","alternateName":"DetaCars","url":"https:\/\/detacars.fr\/","logo":{"@id":"https:\/\/detacars.fr\/about-us\/#local-main-organization-logo"},"image":{"@id":"https:\/\/detacars.fr\/about-us\/#local-main-organization-logo"},"sameAs":["https:\/\/www.facebook.com\/detacarsnice","https:\/\/www.instagram.com\/Deta_cars\/"],"ownershipFundingInfo":"https:\/\/detacars.fr\/privacy\/","address":{"@id":"https:\/\/detacars.fr\/about-us\/#local-main-place-address"},"geo":{"@type":"GeoCoordinates","latitude":"43.6803742","longitude":"7.2307641"},"telephone":["0977523782","0781818133"],"openingHoursSpecification":[{"@type":"OpeningHoursSpecification","dayOfWeek":["Monday"],"opens":"00:00","closes":"00:00"},{"@type":"OpeningHoursSpecification","dayOfWeek":["Tuesday","Wednesday","Thursday","Friday","Saturday"],"opens":"10:00","closes":"19:00"},{"@type":"OpeningHoursSpecification","dayOfWeek":["Sunday"],"opens":"12:00","closes":"19:00"}],"email":"contact@detacars.fr","vatID":"FR","taxID":"FR15948131933","priceRange":"$$$","currenciesAccepted":"Euro","paymentAccepted":"Esp\u00e8ces, Carte bancaire"},{"@type":"PostalAddress","@id":"https:\/\/detacars.fr\/about-us\/#local-main-place-address","streetAddress":"287 Promenade des Anglais","addressLocality":"Nice","postalCode":"06200","addressCountry":"FR"},{"@type":"ImageObject","inLanguage":"en-US","@id":"https:\/\/detacars.fr\/about-us\/#local-main-organization-logo","url":"https:\/\/detacars.fr\/wp-content\/uploads\/2023\/10\/detacars.png","contentUrl":"https:\/\/detacars.fr\/wp-content\/uploads\/2023\/10\/detacars.png","width":1433,"height":1289,"caption":"Deta Cars"}]},"geo.placename":"Nice","geo.position":{"lat":"43.6803742","long":"7.2307641"},"geo.region":"France"},"_links":{"self":[{"href":"https:\/\/detacars.fr\/en\/wp-json\/wp\/v2\/pages\/197","targetHints":{"allow":["GET"]}}],"collection":[{"href":"https:\/\/detacars.fr\/en\/wp-json\/wp\/v2\/pages"}],"about":[{"href":"https:\/\/detacars.fr\/en\/wp-json\/wp\/v2\/types\/page"}],"author":[{"embeddable":true,"href":"https:\/\/detacars.fr\/en\/wp-json\/wp\/v2\/users\/1"}],"replies":[{"embeddable":true,"href":"https:\/\/detacars.fr\/en\/wp-json\/wp\/v2\/comments?post=197"}],"version-history":[{"count":23,"href":"https:\/\/detacars.fr\/en\/wp-json\/wp\/v2\/pages\/197\/revisions"}],"predecessor-version":[{"id":2335,"href":"https:\/\/detacars.fr\/en\/wp-json\/wp\/v2\/pages\/197\/revisions\/2335"}],"wp:attachment":[{"href":"https:\/\/detacars.fr\/en\/wp-json\/wp\/v2\/media?parent=197"}],"curies":[{"name":"wp","href":"https:\/\/api.w.org\/{rel}","templated":true}]}}